{"id":1687,"date":"2024-01-09T11:50:49","date_gmt":"2024-01-09T10:50:49","guid":{"rendered":"https:\/\/bgg.de\/web\/?page_id=1687"},"modified":"2026-03-04T11:59:24","modified_gmt":"2026-03-04T10:59:24","slug":"frankfurt-oststern-ost","status":"publish","type":"page","link":"https:\/\/bgg.de\/web\/frankfurt-oststern-ost\/","title":{"rendered":"Frankfurt, Oststern Ost"},"content":{"rendered":"\n<section id=\"gm02eec9b\" class=\"wp-block-gutentor-m4 section-gm02eec9b gutentor-module gutentor-advanced-columns has-color-bg has-custom-bg\"><div class=\"grid-container\"><div class=\"grid-row\">\n<div id=\"col-gm6d5d0a\" class=\"wp-block-gutentor-m4-col col-gm6d5d0a gutentor-single-column  grid-lg-12 grid-md-12 grid-12\"><div id=\"section-gm6d5d0a\" class=\"section-gm6d5d0a gutentor-col-wrap\">\n<div id=\"section-g879fc1\" class=\"wp-block-gutentor-e1 section-g879fc1 gutentor-element gutentor-element-advanced-text text-align-center-desktop text-align-center-mobile\"><div class=\"gutentor-text-wrap\"><p class=\"gutentor-text\"><a href=\"https:\/\/bgg.de\/web\/buero\/\" data-type=\"page\" data-id=\"1288\">B\u00dcRO<\/a><\/p><\/div><\/div>\n\n\n\n<div id=\"section-g8c9009\" class=\"wp-block-gutentor-e1 section-g8c9009 gutentor-element gutentor-element-advanced-text text-align-center-desktop\"><div class=\"gutentor-text-wrap\"><h2 class=\"gutentor-text\">Frankfurt &#8211; Oststern Ost<\/h2><\/div><\/div>\n\n\n\n<section id=\"gm1e9bfd9\" class=\"wp-block-gutentor-m5 section-gm1e9bfd9 gutentor-module gutentor-module-slider gutentor-slick-a-default-desktop gutentor-module-caption-enabled\"><div class=\"gutentor-module-slider-row\" data-dots=\"false\" data-dotstablet=\"false\" data-dotsmobile=\"false\" data-nextarrow=\"fas fa-angle-right\" data-prevarrow=\"fas fa-angle-left\" data-arrows=\"true\" data-arrowstablet=\"true\" data-arrowsmobile=\"true\" data-fade=\"true\" data-draggable=\"true\" data-infinite=\"true\" data-autoplay=\"true\" data-pauseonfocus=\"false\" data-pauseonhover=\"false\" data-speed=\"1000\" data-autoplayspeed=\"2500\" data-arrowspositiondesktop=\"gutentor-slick-a-default-desktop\">\n<div id=\"col-gm3b2a45\" class=\"wp-block-gutentor-m5-col col-gm3b2a45 gutentor-slider-item\"><div id=\"section-gm3b2a45\" class=\"section-gm3b2a45 gutentor-col-wrap has-image-normal has-custom-bg\"><img decoding=\"async\" src=\"https:\/\/bgg.de\/web\/wp-content\/uploads\/2026\/03\/Ost1.jpeg\" alt=\"\"\/><div class=\"gutentor-slider-caption\"><div class=\"grid-container\"><\/div><\/div><\/div><\/div>\n\n\n\n<div id=\"col-gmb74633\" class=\"wp-block-gutentor-m5-col col-gmb74633 gutentor-slider-item\"><div id=\"section-gmb74633\" class=\"section-gmb74633 gutentor-col-wrap has-image-normal has-custom-bg\"><img decoding=\"async\" src=\"https:\/\/bgg.de\/web\/wp-content\/uploads\/2026\/03\/Ost2.jpeg\" alt=\"\"\/><div class=\"gutentor-slider-caption\"><div class=\"grid-container\"><\/div><\/div><\/div><\/div>\n\n\n\n<div id=\"col-g-34xw1rj\" class=\"wp-block-gutentor-m5-col col-g-34xw1rj gutentor-slider-item\"><div id=\"section-g-34xw1rj\" class=\"section-g-34xw1rj gutentor-col-wrap has-image-normal has-custom-bg\"><img decoding=\"async\" src=\"https:\/\/bgg.de\/web\/wp-content\/uploads\/2026\/03\/Ost3.jpeg\" alt=\"\"\/><div class=\"gutentor-slider-caption\"><div class=\"grid-container\"><\/div><\/div><\/div><\/div>\n\n\n\n<div id=\"col-g-ect1ze4\" class=\"wp-block-gutentor-m5-col col-g-ect1ze4 gutentor-slider-item\"><div id=\"section-g-ect1ze4\" class=\"section-g-ect1ze4 gutentor-col-wrap has-image-normal has-custom-bg\"><img decoding=\"async\" src=\"https:\/\/bgg.de\/web\/wp-content\/uploads\/2026\/03\/osstern4-trans.png\" alt=\"\"\/><div class=\"gutentor-slider-caption\"><div class=\"grid-container\"><\/div><\/div><\/div><\/div>\n\n\n\n<div id=\"col-g-tbs82mt\" class=\"wp-block-gutentor-m5-col col-g-tbs82mt gutentor-slider-item\"><div id=\"section-g-tbs82mt\" class=\"section-g-tbs82mt gutentor-col-wrap has-image-normal has-custom-bg\"><img decoding=\"async\" src=\"https:\/\/bgg.de\/web\/wp-content\/uploads\/2026\/03\/oststern4.jpg\" alt=\"\"\/><div class=\"gutentor-slider-caption\"><div class=\"grid-container\"><\/div><\/div><\/div><\/div>\n<\/div><\/section>\n\n\n\n<div id=\"section-g4ccddb\" class=\"wp-block-gutentor-e1 section-g4ccddb gutentor-element gutentor-element-advanced-text text-align-center-desktop\"><div class=\"gutentor-text-wrap\"><p class=\"gutentor-text\"><strong>BAUHERR<\/strong><br>Lang und Cie<br><br><strong>PLANUNG<\/strong><br>Meixner Schl\u00fcter Wendt, Frankfurt<br><br><strong>FERTIGSTELLUNG<\/strong><br>2022<br><br>Neubau B\u00fcro- und Verwaltungsgeb\u00e4ude<br>Ausschreibung Vergabe Objekt\u00fcberwachung &nbsp;<\/p><\/div><\/div>\n<\/div><\/div>\n<\/div><\/div><\/section>\n","protected":false},"excerpt":{"rendered":"","protected":false},"author":2,"featured_media":0,"parent":0,"menu_order":0,"comment_status":"closed","ping_status":"closed","template":"template-gutentor-full-width.php","meta":{"footnotes":""},"class_list":["post-1687","page","type-page","status-publish","hentry"],"_links":{"self":[{"href":"https:\/\/bgg.de\/web\/wp-json\/wp\/v2\/pages\/1687","targetHints":{"allow":["GET"]}}],"collection":[{"href":"https:\/\/bgg.de\/web\/wp-json\/wp\/v2\/pages"}],"about":[{"href":"https:\/\/bgg.de\/web\/wp-json\/wp\/v2\/types\/page"}],"author":[{"embeddable":true,"href":"https:\/\/bgg.de\/web\/wp-json\/wp\/v2\/users\/2"}],"replies":[{"embeddable":true,"href":"https:\/\/bgg.de\/web\/wp-json\/wp\/v2\/comments?post=1687"}],"version-history":[{"count":3,"href":"https:\/\/bgg.de\/web\/wp-json\/wp\/v2\/pages\/1687\/revisions"}],"predecessor-version":[{"id":2747,"href":"https:\/\/bgg.de\/web\/wp-json\/wp\/v2\/pages\/1687\/revisions\/2747"}],"wp:attachment":[{"href":"https:\/\/bgg.de\/web\/wp-json\/wp\/v2\/media?parent=1687"}],"curies":[{"name":"wp","href":"https:\/\/api.w.org\/{rel}","templated":true}]}}