{"id":1705,"date":"2024-01-09T12:11:03","date_gmt":"2024-01-09T11:11:03","guid":{"rendered":"https:\/\/bgg.de\/web\/?page_id=1705"},"modified":"2024-01-31T18:04:20","modified_gmt":"2024-01-31T17:04:20","slug":"frankfurt-db-brick","status":"publish","type":"page","link":"https:\/\/bgg.de\/web\/frankfurt-db-brick\/","title":{"rendered":"Frankfurt, DB-Brick"},"content":{"rendered":"\n<section id=\"gm44e4a5e\" class=\"wp-block-gutentor-m4 section-gm44e4a5e gutentor-module gutentor-advanced-columns has-color-bg has-custom-bg\"><div class=\"grid-container\"><div class=\"grid-row\">\n<div id=\"col-gm0faceb\" class=\"wp-block-gutentor-m4-col col-gm0faceb gutentor-single-column  grid-lg-12 grid-md-12 grid-12\"><div id=\"section-gm0faceb\" class=\"section-gm0faceb gutentor-col-wrap\">\n<div id=\"section-g2fcd1d\" class=\"wp-block-gutentor-e1 section-g2fcd1d gutentor-element gutentor-element-advanced-text text-align-center-desktop text-align-center-mobile\"><div class=\"gutentor-text-wrap\"><p class=\"gutentor-text\"><a href=\"https:\/\/bgg.de\/web\/buero\/\" data-type=\"page\" data-id=\"1288\">B\u00dcRO<\/a><\/p><\/div><\/div>\n\n\n\n<div id=\"section-ga61fd2\" class=\"wp-block-gutentor-e1 section-ga61fd2 gutentor-element gutentor-element-advanced-text text-align-center-desktop\"><div class=\"gutentor-text-wrap\"><h2 class=\"gutentor-text\">Frankfurt &#8211; DB-Brick<\/h2><\/div><\/div>\n\n\n\n<section id=\"gmb65aff6\" class=\"wp-block-gutentor-m5 section-gmb65aff6 gutentor-module gutentor-module-slider gutentor-slick-a-default-desktop gutentor-module-caption-enabled\"><div class=\"gutentor-module-slider-row\" data-dots=\"false\" data-dotstablet=\"false\" data-dotsmobile=\"false\" data-nextarrow=\"fas fa-angle-right\" data-prevarrow=\"fas fa-angle-left\" data-arrows=\"true\" data-arrowstablet=\"true\" data-arrowsmobile=\"true\" data-fade=\"true\" data-draggable=\"true\" data-infinite=\"true\" data-autoplay=\"true\" data-pauseonfocus=\"false\" data-pauseonhover=\"false\" data-speed=\"1000\" data-autoplayspeed=\"2500\" data-arrowspositiondesktop=\"gutentor-slick-a-default-desktop\">\n<div id=\"col-gm37d74d\" class=\"wp-block-gutentor-m5-col col-gm37d74d gutentor-slider-item\"><div id=\"section-gm37d74d\" class=\"section-gm37d74d gutentor-col-wrap has-image-normal has-custom-bg\"><img decoding=\"async\" src=\"https:\/\/bgg.de\/web\/wp-content\/uploads\/2024\/01\/brick-neu-1.jpg\" alt=\"\"\/><div class=\"gutentor-slider-caption\"><div class=\"grid-container\"><\/div><\/div><\/div><\/div>\n\n\n\n<div id=\"col-gma22844\" class=\"wp-block-gutentor-m5-col col-gma22844 gutentor-slider-item\"><div id=\"section-gma22844\" class=\"section-gma22844 gutentor-col-wrap has-image-normal has-custom-bg\"><img decoding=\"async\" src=\"https:\/\/bgg.de\/web\/wp-content\/uploads\/2024\/01\/brick-neu2.jpg\" alt=\"\"\/><div class=\"gutentor-slider-caption\"><div class=\"grid-container\"><\/div><\/div><\/div><\/div>\n<\/div><\/section>\n\n\n\n<div id=\"section-g0f66ad\" class=\"wp-block-gutentor-e1 section-g0f66ad gutentor-element gutentor-element-advanced-text text-align-center-desktop\"><div class=\"gutentor-text-wrap\"><p class=\"gutentor-text\"><strong>BAUHERR<\/strong><br>Aurelis 14. Objektgesellschaft Frankfurt Europaviertel TheBrick GmbH &amp; Co. KG<br><br><strong>PLANUNG<\/strong><br>spa schmidtploecker planungsgesellschaft mbH<br><br><strong>FERTIGSTELLUNG<\/strong><br>2020<br><br>Neubau B\u00fcro- und Verwaltungsgeb\u00e4ude<br>Objekt\u00fcberwachung<\/p><\/div><\/div>\n<\/div><\/div>\n<\/div><\/div><\/section>\n","protected":false},"excerpt":{"rendered":"","protected":false},"author":2,"featured_media":0,"parent":0,"menu_order":0,"comment_status":"closed","ping_status":"closed","template":"template-gutentor-full-width.php","meta":{"footnotes":""},"class_list":["post-1705","page","type-page","status-publish","hentry"],"_links":{"self":[{"href":"https:\/\/bgg.de\/web\/wp-json\/wp\/v2\/pages\/1705","targetHints":{"allow":["GET"]}}],"collection":[{"href":"https:\/\/bgg.de\/web\/wp-json\/wp\/v2\/pages"}],"about":[{"href":"https:\/\/bgg.de\/web\/wp-json\/wp\/v2\/types\/page"}],"author":[{"embeddable":true,"href":"https:\/\/bgg.de\/web\/wp-json\/wp\/v2\/users\/2"}],"replies":[{"embeddable":true,"href":"https:\/\/bgg.de\/web\/wp-json\/wp\/v2\/comments?post=1705"}],"version-history":[{"count":3,"href":"https:\/\/bgg.de\/web\/wp-json\/wp\/v2\/pages\/1705\/revisions"}],"predecessor-version":[{"id":2312,"href":"https:\/\/bgg.de\/web\/wp-json\/wp\/v2\/pages\/1705\/revisions\/2312"}],"wp:attachment":[{"href":"https:\/\/bgg.de\/web\/wp-json\/wp\/v2\/media?parent=1705"}],"curies":[{"name":"wp","href":"https:\/\/api.w.org\/{rel}","templated":true}]}}