{"id":1737,"date":"2024-01-09T14:14:58","date_gmt":"2024-01-09T13:14:58","guid":{"rendered":"https:\/\/bgg.de\/web\/?page_id=1737"},"modified":"2024-03-18T10:05:53","modified_gmt":"2024-03-18T09:05:53","slug":"frankfurt-gutleutstrasse","status":"publish","type":"page","link":"https:\/\/bgg.de\/web\/frankfurt-gutleutstrasse\/","title":{"rendered":"Frankfurt, Gutleutstra\u00dfe"},"content":{"rendered":"\n<section id=\"gm15d34ea\" class=\"wp-block-gutentor-m4 section-gm15d34ea gutentor-module gutentor-advanced-columns has-color-bg has-custom-bg\"><div class=\"grid-container\"><div class=\"grid-row\">\n<div id=\"col-gm8eadfe\" class=\"wp-block-gutentor-m4-col col-gm8eadfe gutentor-single-column  grid-lg-12 grid-md-12 grid-12\"><div id=\"section-gm8eadfe\" class=\"section-gm8eadfe gutentor-col-wrap\">\n<div id=\"section-gc14feb\" class=\"wp-block-gutentor-e1 section-gc14feb gutentor-element gutentor-element-advanced-text text-align-center-desktop text-align-center-mobile\"><div class=\"gutentor-text-wrap\"><p class=\"gutentor-text\"><a href=\"https:\/\/bgg.de\/web\/buero\/\" data-type=\"page\" data-id=\"1288\">B\u00dcRO<\/a><\/p><\/div><\/div>\n\n\n\n<div id=\"section-g859f6e\" class=\"wp-block-gutentor-e1 section-g859f6e gutentor-element gutentor-element-advanced-text text-align-center-desktop\"><div class=\"gutentor-text-wrap\"><h2 class=\"gutentor-text\">Frankfurt &#8211; Gutleutstra\u00dfe<\/h2><\/div><\/div>\n\n\n\n<section id=\"gme675393\" class=\"wp-block-gutentor-m5 section-gme675393 gutentor-module gutentor-module-slider gutentor-slick-a-default-desktop gutentor-module-caption-enabled\"><div class=\"gutentor-module-slider-row\" data-dots=\"false\" data-dotstablet=\"false\" data-dotsmobile=\"false\" data-nextarrow=\"fas fa-angle-right\" data-prevarrow=\"fas fa-angle-left\" data-arrows=\"true\" data-arrowstablet=\"true\" data-arrowsmobile=\"true\" data-fade=\"true\" data-draggable=\"true\" data-infinite=\"true\" data-autoplay=\"true\" data-pauseonfocus=\"false\" data-pauseonhover=\"false\" data-speed=\"1000\" data-autoplayspeed=\"2500\" data-arrowspositiondesktop=\"gutentor-slick-a-default-desktop\">\n<div id=\"col-gm3e6cda\" class=\"wp-block-gutentor-m5-col col-gm3e6cda gutentor-slider-item\"><div id=\"section-gm3e6cda\" class=\"section-gm3e6cda gutentor-col-wrap has-image-normal has-custom-bg\"><img decoding=\"async\" src=\"https:\/\/bgg.de\/web\/wp-content\/uploads\/2024\/01\/ffm-gutleutstr-1.jpg\" alt=\"\"\/><div class=\"gutentor-slider-caption\"><div class=\"grid-container\"><\/div><\/div><\/div><\/div>\n\n\n\n<div id=\"col-gm6e4d34\" class=\"wp-block-gutentor-m5-col col-gm6e4d34 gutentor-slider-item\"><div id=\"section-gm6e4d34\" class=\"section-gm6e4d34 gutentor-col-wrap has-image-normal has-custom-bg\"><img decoding=\"async\" src=\"https:\/\/bgg.de\/web\/wp-content\/uploads\/2024\/03\/ffm-gutleutstr-2.jpg\" alt=\"\"\/><div class=\"gutentor-slider-caption\"><div class=\"grid-container\"><\/div><\/div><\/div><\/div>\n<\/div><\/section>\n\n\n\n<div id=\"section-gf9c55f\" class=\"wp-block-gutentor-e1 section-gf9c55f gutentor-element gutentor-element-advanced-text text-align-center-desktop\"><div class=\"gutentor-text-wrap\"><p class=\"gutentor-text\"><strong>BAUHERR<\/strong><br>Polis AG<br><br><strong>PLANUNG<\/strong><br>Br\u00e4unlin + Kolb Architekten und Ingenieure GmbH<br><br><strong>FERTIGSTELLUNG<\/strong><br>2016<br><br>Revitalisierung B\u00fcrogeb\u00e4ude<br>Ausschreibung Vergabe Objekt\u00fcberwachung<\/p><\/div><\/div>\n<\/div><\/div>\n<\/div><\/div><\/section>\n","protected":false},"excerpt":{"rendered":"","protected":false},"author":2,"featured_media":0,"parent":0,"menu_order":0,"comment_status":"closed","ping_status":"closed","template":"template-gutentor-full-width.php","meta":{"footnotes":""},"class_list":["post-1737","page","type-page","status-publish","hentry"],"_links":{"self":[{"href":"https:\/\/bgg.de\/web\/wp-json\/wp\/v2\/pages\/1737","targetHints":{"allow":["GET"]}}],"collection":[{"href":"https:\/\/bgg.de\/web\/wp-json\/wp\/v2\/pages"}],"about":[{"href":"https:\/\/bgg.de\/web\/wp-json\/wp\/v2\/types\/page"}],"author":[{"embeddable":true,"href":"https:\/\/bgg.de\/web\/wp-json\/wp\/v2\/users\/2"}],"replies":[{"embeddable":true,"href":"https:\/\/bgg.de\/web\/wp-json\/wp\/v2\/comments?post=1737"}],"version-history":[{"count":4,"href":"https:\/\/bgg.de\/web\/wp-json\/wp\/v2\/pages\/1737\/revisions"}],"predecessor-version":[{"id":2577,"href":"https:\/\/bgg.de\/web\/wp-json\/wp\/v2\/pages\/1737\/revisions\/2577"}],"wp:attachment":[{"href":"https:\/\/bgg.de\/web\/wp-json\/wp\/v2\/media?parent=1737"}],"curies":[{"name":"wp","href":"https:\/\/api.w.org\/{rel}","templated":true}]}}