{"id":1778,"date":"2024-01-09T18:33:27","date_gmt":"2024-01-09T17:33:27","guid":{"rendered":"https:\/\/bgg.de\/web\/?page_id=1778"},"modified":"2024-02-01T15:07:54","modified_gmt":"2024-02-01T14:07:54","slug":"frankfurt-ufo","status":"publish","type":"page","link":"https:\/\/bgg.de\/web\/frankfurt-ufo\/","title":{"rendered":"Frankfurt, UFO"},"content":{"rendered":"\n<section id=\"gm0b3d5fe\" class=\"wp-block-gutentor-m4 section-gm0b3d5fe gutentor-module gutentor-advanced-columns has-color-bg has-custom-bg\"><div class=\"grid-container\"><div class=\"grid-row\">\n<div id=\"col-gm4d8fed\" class=\"wp-block-gutentor-m4-col col-gm4d8fed gutentor-single-column  grid-lg-12 grid-md-12 grid-12\"><div id=\"section-gm4d8fed\" class=\"section-gm4d8fed gutentor-col-wrap\">\n<div id=\"section-g9ffbe6\" class=\"wp-block-gutentor-e1 section-g9ffbe6 gutentor-element gutentor-element-advanced-text text-align-center-desktop text-align-center-mobile\"><div class=\"gutentor-text-wrap\"><p class=\"gutentor-text\"><a href=\"https:\/\/bgg.de\/web\/buero\/\" data-type=\"page\" data-id=\"1288\">B\u00dcRO<\/a><\/p><\/div><\/div>\n\n\n\n<div id=\"section-g9af751\" class=\"wp-block-gutentor-e1 section-g9af751 gutentor-element gutentor-element-advanced-text text-align-center-desktop\"><div class=\"gutentor-text-wrap\"><h2 class=\"gutentor-text\">Frankfurt &#8211; UFO<\/h2><\/div><\/div>\n\n\n\n<section id=\"gmae625df\" class=\"wp-block-gutentor-m5 section-gmae625df gutentor-module gutentor-module-slider gutentor-slick-a-default-desktop gutentor-module-caption-enabled\"><div class=\"gutentor-module-slider-row\" data-dots=\"false\" data-dotstablet=\"false\" data-dotsmobile=\"false\" data-nextarrow=\"fas fa-angle-right\" data-prevarrow=\"fas fa-angle-left\" data-arrows=\"true\" data-arrowstablet=\"true\" data-arrowsmobile=\"true\" data-fade=\"true\" data-draggable=\"true\" data-infinite=\"true\" data-autoplay=\"true\" data-pauseonfocus=\"false\" data-pauseonhover=\"false\" data-speed=\"1000\" data-autoplayspeed=\"2500\" data-arrowspositiondesktop=\"gutentor-slick-a-default-desktop\">\n<div id=\"col-gm513e8a\" class=\"wp-block-gutentor-m5-col col-gm513e8a gutentor-slider-item\"><div id=\"section-gm513e8a\" class=\"section-gm513e8a gutentor-col-wrap has-image-normal has-custom-bg\"><img decoding=\"async\" src=\"https:\/\/bgg.de\/web\/wp-content\/uploads\/2024\/01\/ffm-ufo30-1.jpg\" alt=\"\"\/><div class=\"gutentor-slider-caption\"><div class=\"grid-container\"><\/div><\/div><\/div><\/div>\n\n\n\n<div id=\"col-gm256604\" class=\"wp-block-gutentor-m5-col col-gm256604 gutentor-slider-item\"><div id=\"section-gm256604\" class=\"section-gm256604 gutentor-col-wrap has-image-normal has-custom-bg\"><img decoding=\"async\" src=\"https:\/\/bgg.de\/web\/wp-content\/uploads\/2024\/01\/ffm-ufo30-2.jpg\" alt=\"\"\/><div class=\"gutentor-slider-caption\"><div class=\"grid-container\"><\/div><\/div><\/div><\/div>\n\n\n\n<div id=\"col-gmb5e0c7\" class=\"wp-block-gutentor-m5-col col-gmb5e0c7 gutentor-slider-item\"><div id=\"section-gmb5e0c7\" class=\"section-gmb5e0c7 gutentor-col-wrap has-image-normal has-custom-bg\"><img decoding=\"async\" src=\"https:\/\/bgg.de\/web\/wp-content\/uploads\/2024\/01\/ffm-ufo30-3.jpg\" alt=\"\"\/><div class=\"gutentor-slider-caption\"><div class=\"grid-container\"><\/div><\/div><\/div><\/div>\n\n\n\n<div id=\"col-gm6e3712\" class=\"wp-block-gutentor-m5-col col-gm6e3712 gutentor-slider-item\"><div id=\"section-gm6e3712\" class=\"section-gm6e3712 gutentor-col-wrap has-image-normal has-custom-bg\"><img decoding=\"async\" src=\"https:\/\/bgg.de\/web\/wp-content\/uploads\/2024\/01\/ffm-ufo30-4.jpg\" alt=\"\"\/><div class=\"gutentor-slider-caption\"><div class=\"grid-container\"><\/div><\/div><\/div><\/div>\n\n\n\n<div id=\"col-gm499591\" class=\"wp-block-gutentor-m5-col col-gm499591 gutentor-slider-item\"><div id=\"section-gm499591\" class=\"section-gm499591 gutentor-col-wrap has-image-normal has-custom-bg\"><img decoding=\"async\" src=\"https:\/\/bgg.de\/web\/wp-content\/uploads\/2024\/01\/ffm-ufo30-5.jpg\" alt=\"\"\/><div class=\"gutentor-slider-caption\"><div class=\"grid-container\"><\/div><\/div><\/div><\/div>\n<\/div><\/section>\n\n\n\n<div id=\"section-g75fb82\" class=\"wp-block-gutentor-e1 section-g75fb82 gutentor-element gutentor-element-advanced-text text-align-center-desktop\"><div class=\"gutentor-text-wrap\"><p class=\"gutentor-text\"><strong>BAUHERR<\/strong><br>BGN Benjamin Goldman Nachlass<br><br><strong>PLANUNG<\/strong><br>Dietz Joppien Architekten<br><br><strong>FERTIGSTELLUNG<\/strong><br>2004<br><br>Loft-B\u00fcrogeb\u00e4ude mit Eventbereich<br>Ausschreibung Vergabe Objekt\u00fcberwachung<\/p><\/div><\/div>\n<\/div><\/div>\n<\/div><\/div><\/section>\n","protected":false},"excerpt":{"rendered":"","protected":false},"author":2,"featured_media":0,"parent":0,"menu_order":0,"comment_status":"closed","ping_status":"closed","template":"template-gutentor-full-width.php","meta":{"footnotes":""},"class_list":["post-1778","page","type-page","status-publish","hentry"],"_links":{"self":[{"href":"https:\/\/bgg.de\/web\/wp-json\/wp\/v2\/pages\/1778","targetHints":{"allow":["GET"]}}],"collection":[{"href":"https:\/\/bgg.de\/web\/wp-json\/wp\/v2\/pages"}],"about":[{"href":"https:\/\/bgg.de\/web\/wp-json\/wp\/v2\/types\/page"}],"author":[{"embeddable":true,"href":"https:\/\/bgg.de\/web\/wp-json\/wp\/v2\/users\/2"}],"replies":[{"embeddable":true,"href":"https:\/\/bgg.de\/web\/wp-json\/wp\/v2\/comments?post=1778"}],"version-history":[{"count":2,"href":"https:\/\/bgg.de\/web\/wp-json\/wp\/v2\/pages\/1778\/revisions"}],"predecessor-version":[{"id":2325,"href":"https:\/\/bgg.de\/web\/wp-json\/wp\/v2\/pages\/1778\/revisions\/2325"}],"wp:attachment":[{"href":"https:\/\/bgg.de\/web\/wp-json\/wp\/v2\/media?parent=1778"}],"curies":[{"name":"wp","href":"https:\/\/api.w.org\/{rel}","templated":true}]}}