{"id":1786,"date":"2024-01-09T18:37:43","date_gmt":"2024-01-09T17:37:43","guid":{"rendered":"https:\/\/bgg.de\/web\/?page_id=1786"},"modified":"2024-02-01T15:08:41","modified_gmt":"2024-02-01T14:08:41","slug":"frankfurt-mainzer-landstrasse","status":"publish","type":"page","link":"https:\/\/bgg.de\/web\/frankfurt-mainzer-landstrasse\/","title":{"rendered":"Frankfurt, Mainzer Landstra\u00dfe"},"content":{"rendered":"\n<section id=\"gm956443f\" class=\"wp-block-gutentor-m4 section-gm956443f gutentor-module gutentor-advanced-columns has-color-bg has-custom-bg\"><div class=\"grid-container\"><div class=\"grid-row\">\n<div id=\"col-gm36b2eb\" class=\"wp-block-gutentor-m4-col col-gm36b2eb gutentor-single-column  grid-lg-12 grid-md-12 grid-12\"><div id=\"section-gm36b2eb\" class=\"section-gm36b2eb gutentor-col-wrap\">\n<div id=\"section-g0f2379\" class=\"wp-block-gutentor-e1 section-g0f2379 gutentor-element gutentor-element-advanced-text text-align-center-desktop text-align-center-mobile\"><div class=\"gutentor-text-wrap\"><p class=\"gutentor-text\"><a href=\"https:\/\/bgg.de\/web\/buero\/\" data-type=\"page\" data-id=\"1288\">B\u00dcRO<\/a><\/p><\/div><\/div>\n\n\n\n<div id=\"section-gaad95a\" class=\"wp-block-gutentor-e1 section-gaad95a gutentor-element gutentor-element-advanced-text text-align-center-desktop\"><div class=\"gutentor-text-wrap\"><h2 class=\"gutentor-text\">Frankfurt &#8211; Mainzer Landstra\u00dfe<\/h2><\/div><\/div>\n\n\n\n<section id=\"gm54257cf\" class=\"wp-block-gutentor-m5 section-gm54257cf gutentor-module gutentor-module-slider gutentor-slick-a-default-desktop gutentor-module-caption-enabled\"><div class=\"gutentor-module-slider-row\" data-dots=\"false\" data-dotstablet=\"false\" data-dotsmobile=\"false\" data-nextarrow=\"fas fa-angle-right\" data-prevarrow=\"fas fa-angle-left\" data-arrows=\"true\" data-arrowstablet=\"true\" data-arrowsmobile=\"true\" data-fade=\"true\" data-draggable=\"true\" data-infinite=\"true\" data-autoplay=\"true\" data-pauseonfocus=\"false\" data-pauseonhover=\"false\" data-speed=\"1000\" data-autoplayspeed=\"2500\" data-arrowspositiondesktop=\"gutentor-slick-a-default-desktop\">\n<div id=\"col-gm00cf6f\" class=\"wp-block-gutentor-m5-col col-gm00cf6f gutentor-slider-item\"><div id=\"section-gm00cf6f\" class=\"section-gm00cf6f gutentor-col-wrap has-image-normal has-custom-bg\"><img decoding=\"async\" src=\"https:\/\/bgg.de\/web\/wp-content\/uploads\/2024\/01\/ffm-mainzer.jpg\" alt=\"\"\/><div class=\"gutentor-slider-caption\"><div class=\"grid-container\"><\/div><\/div><\/div><\/div>\n\n\n\n<div id=\"col-gm6137f5\" class=\"wp-block-gutentor-m5-col col-gm6137f5 gutentor-slider-item\"><div id=\"section-gm6137f5\" class=\"section-gm6137f5 gutentor-col-wrap has-image-normal has-custom-bg\"><img decoding=\"async\" src=\"https:\/\/bgg.de\/web\/wp-content\/uploads\/2024\/01\/ffm-mainzer2.jpg\" alt=\"\"\/><div class=\"gutentor-slider-caption\"><div class=\"grid-container\"><\/div><\/div><\/div><\/div>\n\n\n\n<div id=\"col-gm548708\" class=\"wp-block-gutentor-m5-col col-gm548708 gutentor-slider-item\"><div id=\"section-gm548708\" class=\"section-gm548708 gutentor-col-wrap has-image-normal has-custom-bg\"><img decoding=\"async\" src=\"https:\/\/bgg.de\/web\/wp-content\/uploads\/2024\/01\/ffm-mainzer3.jpg\" alt=\"\"\/><div class=\"gutentor-slider-caption\"><div class=\"grid-container\"><\/div><\/div><\/div><\/div>\n<\/div><\/section>\n\n\n\n<div id=\"section-g33a216\" class=\"wp-block-gutentor-e1 section-g33a216 gutentor-element gutentor-element-advanced-text text-align-center-desktop\"><div class=\"gutentor-text-wrap\"><p class=\"gutentor-text\"><strong>BAUHERR<\/strong><br>DEGI Deutsche Gesellschaft f\u00fcr Immobilienfonds mbH<br><br><strong>PLANUNG<\/strong><br>Gr\u00fcnzig Planungsgesellschaft mbH<br><br><strong>FERTIGSTELLUNG<\/strong><br>1997<br><br>Umbau und Sanierung B\u00fcro- und Verwaltungsgeb\u00e4ude<br>Kostenmanagement Ausschreibung Vergabe Objekt\u00fcberwachung<\/p><\/div><\/div>\n<\/div><\/div>\n<\/div><\/div><\/section>\n","protected":false},"excerpt":{"rendered":"","protected":false},"author":2,"featured_media":0,"parent":0,"menu_order":0,"comment_status":"closed","ping_status":"closed","template":"template-gutentor-full-width.php","meta":{"footnotes":""},"class_list":["post-1786","page","type-page","status-publish","hentry"],"_links":{"self":[{"href":"https:\/\/bgg.de\/web\/wp-json\/wp\/v2\/pages\/1786","targetHints":{"allow":["GET"]}}],"collection":[{"href":"https:\/\/bgg.de\/web\/wp-json\/wp\/v2\/pages"}],"about":[{"href":"https:\/\/bgg.de\/web\/wp-json\/wp\/v2\/types\/page"}],"author":[{"embeddable":true,"href":"https:\/\/bgg.de\/web\/wp-json\/wp\/v2\/users\/2"}],"replies":[{"embeddable":true,"href":"https:\/\/bgg.de\/web\/wp-json\/wp\/v2\/comments?post=1786"}],"version-history":[{"count":2,"href":"https:\/\/bgg.de\/web\/wp-json\/wp\/v2\/pages\/1786\/revisions"}],"predecessor-version":[{"id":2326,"href":"https:\/\/bgg.de\/web\/wp-json\/wp\/v2\/pages\/1786\/revisions\/2326"}],"wp:attachment":[{"href":"https:\/\/bgg.de\/web\/wp-json\/wp\/v2\/media?parent=1786"}],"curies":[{"name":"wp","href":"https:\/\/api.w.org\/{rel}","templated":true}]}}