{"id":1834,"date":"2024-01-10T10:41:29","date_gmt":"2024-01-10T09:41:29","guid":{"rendered":"https:\/\/bgg.de\/web\/?page_id=1834"},"modified":"2024-03-18T10:16:00","modified_gmt":"2024-03-18T09:16:00","slug":"ulm-blutspendedienst","status":"publish","type":"page","link":"https:\/\/bgg.de\/web\/ulm-blutspendedienst\/","title":{"rendered":"Ulm, Blutspendedienst"},"content":{"rendered":"\n<section id=\"gm8b849e3\" class=\"wp-block-gutentor-m4 section-gm8b849e3 gutentor-module gutentor-advanced-columns has-color-bg has-custom-bg\"><div class=\"grid-container\"><div class=\"grid-row\">\n<div id=\"col-gmb3d7c3\" class=\"wp-block-gutentor-m4-col col-gmb3d7c3 gutentor-single-column  grid-lg-12 grid-md-12 grid-12\"><div id=\"section-gmb3d7c3\" class=\"section-gmb3d7c3 gutentor-col-wrap\">\n<div id=\"section-gd3a81d\" class=\"wp-block-gutentor-e1 section-gd3a81d gutentor-element gutentor-element-advanced-text text-align-center-desktop text-align-center-mobile\"><div class=\"gutentor-text-wrap\"><p class=\"gutentor-text\"><a href=\"https:\/\/bgg.de\/web\/forschung-lehre\/\" data-type=\"page\" data-id=\"1288\">FORSCHUNG UND LEHRE<\/a><\/p><\/div><\/div>\n\n\n\n<div id=\"section-ga816db\" class=\"wp-block-gutentor-e1 section-ga816db gutentor-element gutentor-element-advanced-text text-align-center-desktop\"><div class=\"gutentor-text-wrap\"><h2 class=\"gutentor-text\">Ulm &#8211; Blutspendedienst<\/h2><\/div><\/div>\n\n\n\n<section id=\"gm482347c\" class=\"wp-block-gutentor-m5 section-gm482347c gutentor-module gutentor-module-slider gutentor-slick-a-default-desktop gutentor-module-caption-enabled\"><div class=\"gutentor-module-slider-row\" data-dots=\"false\" data-dotstablet=\"false\" data-dotsmobile=\"false\" data-nextarrow=\"fas fa-angle-right\" data-prevarrow=\"fas fa-angle-left\" data-arrows=\"true\" data-arrowstablet=\"true\" data-arrowsmobile=\"true\" data-fade=\"true\" data-draggable=\"true\" data-infinite=\"true\" data-autoplay=\"true\" data-pauseonfocus=\"false\" data-pauseonhover=\"false\" data-speed=\"1000\" data-autoplayspeed=\"2500\" data-arrowspositiondesktop=\"gutentor-slick-a-default-desktop\">\n<div id=\"col-gma75e0f\" class=\"wp-block-gutentor-m5-col col-gma75e0f gutentor-slider-item\"><div id=\"section-gma75e0f\" class=\"section-gma75e0f gutentor-col-wrap has-image-normal has-custom-bg\"><img decoding=\"async\" src=\"https:\/\/bgg.de\/web\/wp-content\/uploads\/2024\/01\/ulm-blutspendedienst1.jpg\" alt=\"\"\/><div class=\"gutentor-slider-caption\"><div class=\"grid-container\"><\/div><\/div><\/div><\/div>\n\n\n\n<div id=\"col-gm0dd353\" class=\"wp-block-gutentor-m5-col col-gm0dd353 gutentor-slider-item\"><div id=\"section-gm0dd353\" class=\"section-gm0dd353 gutentor-col-wrap has-image-normal has-custom-bg\"><img decoding=\"async\" src=\"https:\/\/bgg.de\/web\/wp-content\/uploads\/2024\/03\/ulm-blutspendedienst2-1.jpg\" alt=\"\"\/><div class=\"gutentor-slider-caption\"><div class=\"grid-container\"><\/div><\/div><\/div><\/div>\n\n\n\n<div id=\"col-gmbccbfe\" class=\"wp-block-gutentor-m5-col col-gmbccbfe gutentor-slider-item\"><div id=\"section-gmbccbfe\" class=\"section-gmbccbfe gutentor-col-wrap has-image-normal has-custom-bg\"><img decoding=\"async\" src=\"https:\/\/bgg.de\/web\/wp-content\/uploads\/2024\/01\/ulm-blutspendedienst3.jpg\" alt=\"\"\/><div class=\"gutentor-slider-caption\"><div class=\"grid-container\"><\/div><\/div><\/div><\/div>\n<\/div><\/section>\n\n\n\n<div id=\"section-g2cc89d\" class=\"wp-block-gutentor-e1 section-g2cc89d gutentor-element gutentor-element-advanced-text text-align-center-desktop\"><div class=\"gutentor-text-wrap\"><p class=\"gutentor-text\"><strong>BAUHERR<\/strong><br>DRK Blutspendedienst Baden-W\u00fcrttemberg-Hessen gGmbH<br><br><strong>PLANUNG<\/strong><br>Gr\u00fcnzig Planungsgesellschaft mbH<br><br><strong>FERTIGSTELLUNG<\/strong><br>2013<br><br>Neubau Laborgeb\u00e4ude<br>Revitalisierung Labor- und Verwaltungsgeb\u00e4ude<br>Kostenmanagement Ausschreibung Vergabe Objekt\u00fcberwachung<\/p><\/div><\/div>\n<\/div><\/div>\n<\/div><\/div><\/section>\n","protected":false},"excerpt":{"rendered":"","protected":false},"author":2,"featured_media":0,"parent":0,"menu_order":0,"comment_status":"closed","ping_status":"closed","template":"template-gutentor-full-width.php","meta":{"footnotes":""},"class_list":["post-1834","page","type-page","status-publish","hentry"],"_links":{"self":[{"href":"https:\/\/bgg.de\/web\/wp-json\/wp\/v2\/pages\/1834","targetHints":{"allow":["GET"]}}],"collection":[{"href":"https:\/\/bgg.de\/web\/wp-json\/wp\/v2\/pages"}],"about":[{"href":"https:\/\/bgg.de\/web\/wp-json\/wp\/v2\/types\/page"}],"author":[{"embeddable":true,"href":"https:\/\/bgg.de\/web\/wp-json\/wp\/v2\/users\/2"}],"replies":[{"embeddable":true,"href":"https:\/\/bgg.de\/web\/wp-json\/wp\/v2\/comments?post=1834"}],"version-history":[{"count":4,"href":"https:\/\/bgg.de\/web\/wp-json\/wp\/v2\/pages\/1834\/revisions"}],"predecessor-version":[{"id":2584,"href":"https:\/\/bgg.de\/web\/wp-json\/wp\/v2\/pages\/1834\/revisions\/2584"}],"wp:attachment":[{"href":"https:\/\/bgg.de\/web\/wp-json\/wp\/v2\/media?parent=1834"}],"curies":[{"name":"wp","href":"https:\/\/api.w.org\/{rel}","templated":true}]}}