{"id":1982,"date":"2024-01-11T11:07:32","date_gmt":"2024-01-11T10:07:32","guid":{"rendered":"https:\/\/bgg.de\/web\/?page_id=1982"},"modified":"2024-02-02T15:11:34","modified_gmt":"2024-02-02T14:11:34","slug":"frankfurt-ufo-funktion","status":"publish","type":"page","link":"https:\/\/bgg.de\/web\/frankfurt-ufo-funktion\/","title":{"rendered":"Frankfurt, UFO, Funktion"},"content":{"rendered":"\n<section id=\"gm225ac34\" class=\"wp-block-gutentor-m4 section-gm225ac34 gutentor-module gutentor-advanced-columns has-color-bg has-custom-bg\"><div class=\"grid-container\"><div class=\"grid-row\">\n<div id=\"col-gmb93dad\" class=\"wp-block-gutentor-m4-col col-gmb93dad gutentor-single-column  grid-lg-12 grid-md-12 grid-12\"><div id=\"section-gmb93dad\" class=\"section-gmb93dad gutentor-col-wrap\">\n<div id=\"section-g3ae013\" class=\"wp-block-gutentor-e1 section-g3ae013 gutentor-element gutentor-element-advanced-text text-align-center-desktop text-align-center-mobile\"><div class=\"gutentor-text-wrap\"><p class=\"gutentor-text\"><a href=\"https:\/\/bgg.de\/web\/funktion\/\" data-type=\"page\" data-id=\"1288\">FUNKTION<\/a><\/p><\/div><\/div>\n\n\n\n<div id=\"section-gf09ba9\" class=\"wp-block-gutentor-e1 section-gf09ba9 gutentor-element gutentor-element-advanced-text text-align-center-desktop\"><div class=\"gutentor-text-wrap\"><h2 class=\"gutentor-text\">Frankfurt &#8211; UFO<\/h2><\/div><\/div>\n\n\n\n<section id=\"gm65899f3\" class=\"wp-block-gutentor-m5 section-gm65899f3 gutentor-module gutentor-module-slider gutentor-slick-a-default-desktop gutentor-module-caption-enabled\"><div class=\"gutentor-module-slider-row\" data-dots=\"false\" data-dotstablet=\"false\" data-dotsmobile=\"false\" data-nextarrow=\"fas fa-angle-right\" data-prevarrow=\"fas fa-angle-left\" data-arrows=\"true\" data-arrowstablet=\"true\" data-arrowsmobile=\"true\" data-fade=\"true\" data-draggable=\"true\" data-infinite=\"true\" data-autoplay=\"true\" data-pauseonfocus=\"false\" data-pauseonhover=\"false\" data-speed=\"1000\" data-autoplayspeed=\"2500\" data-arrowspositiondesktop=\"gutentor-slick-a-default-desktop\">\n<div id=\"col-gm54548e\" class=\"wp-block-gutentor-m5-col col-gm54548e gutentor-slider-item\"><div id=\"section-gm54548e\" class=\"section-gm54548e gutentor-col-wrap has-image-normal has-custom-bg\"><img decoding=\"async\" src=\"https:\/\/bgg.de\/web\/wp-content\/uploads\/2024\/01\/ffm-ufo30-1.jpg\" alt=\"\"\/><div class=\"gutentor-slider-caption\"><div class=\"grid-container\"><\/div><\/div><\/div><\/div>\n\n\n\n<div id=\"col-gm10b3f0\" class=\"wp-block-gutentor-m5-col col-gm10b3f0 gutentor-slider-item\"><div id=\"section-gm10b3f0\" class=\"section-gm10b3f0 gutentor-col-wrap has-image-normal has-custom-bg\"><img decoding=\"async\" src=\"https:\/\/bgg.de\/web\/wp-content\/uploads\/2024\/01\/ffm-ufo30-2.jpg\" alt=\"\"\/><div class=\"gutentor-slider-caption\"><div class=\"grid-container\"><\/div><\/div><\/div><\/div>\n\n\n\n<div id=\"col-gm5da10b\" class=\"wp-block-gutentor-m5-col col-gm5da10b gutentor-slider-item\"><div id=\"section-gm5da10b\" class=\"section-gm5da10b gutentor-col-wrap has-image-normal has-custom-bg\"><img decoding=\"async\" src=\"https:\/\/bgg.de\/web\/wp-content\/uploads\/2024\/01\/ffm-ufo30-3.jpg\" alt=\"\"\/><div class=\"gutentor-slider-caption\"><div class=\"grid-container\"><\/div><\/div><\/div><\/div>\n\n\n\n<div id=\"col-gm652334\" class=\"wp-block-gutentor-m5-col col-gm652334 gutentor-slider-item\"><div id=\"section-gm652334\" class=\"section-gm652334 gutentor-col-wrap has-image-normal has-custom-bg\"><img decoding=\"async\" src=\"https:\/\/bgg.de\/web\/wp-content\/uploads\/2024\/01\/ffm-ufo30-4.jpg\" alt=\"\"\/><div class=\"gutentor-slider-caption\"><div class=\"grid-container\"><\/div><\/div><\/div><\/div>\n\n\n\n<div id=\"col-gme8efeb\" class=\"wp-block-gutentor-m5-col col-gme8efeb gutentor-slider-item\"><div id=\"section-gme8efeb\" class=\"section-gme8efeb gutentor-col-wrap has-image-normal has-custom-bg\"><img decoding=\"async\" src=\"https:\/\/bgg.de\/web\/wp-content\/uploads\/2024\/01\/ffm-ufo30-5.jpg\" alt=\"\"\/><div class=\"gutentor-slider-caption\"><div class=\"grid-container\"><\/div><\/div><\/div><\/div>\n<\/div><\/section>\n\n\n\n<div id=\"section-g7807c4\" class=\"wp-block-gutentor-e1 section-g7807c4 gutentor-element gutentor-element-advanced-text text-align-center-desktop\"><div class=\"gutentor-text-wrap\"><p class=\"gutentor-text\"><strong>BAUHERR<\/strong><br>BGN Benjamin Goldman Nachlass<br><br><strong>PLANUNG<\/strong><br>Dietz Joppien Architekten<br><br><strong>FERTIGSTELLUNG<\/strong><br>2004<br><br>Loft-B\u00fcrogeb\u00e4ude mit Eventbereich<br>Ausschreibung Vergabe Objekt\u00fcberwachung<\/p><\/div><\/div>\n<\/div><\/div>\n<\/div><\/div><\/section>\n","protected":false},"excerpt":{"rendered":"","protected":false},"author":2,"featured_media":0,"parent":0,"menu_order":0,"comment_status":"closed","ping_status":"closed","template":"template-gutentor-full-width.php","meta":{"footnotes":""},"class_list":["post-1982","page","type-page","status-publish","hentry"],"_links":{"self":[{"href":"https:\/\/bgg.de\/web\/wp-json\/wp\/v2\/pages\/1982","targetHints":{"allow":["GET"]}}],"collection":[{"href":"https:\/\/bgg.de\/web\/wp-json\/wp\/v2\/pages"}],"about":[{"href":"https:\/\/bgg.de\/web\/wp-json\/wp\/v2\/types\/page"}],"author":[{"embeddable":true,"href":"https:\/\/bgg.de\/web\/wp-json\/wp\/v2\/users\/2"}],"replies":[{"embeddable":true,"href":"https:\/\/bgg.de\/web\/wp-json\/wp\/v2\/comments?post=1982"}],"version-history":[{"count":2,"href":"https:\/\/bgg.de\/web\/wp-json\/wp\/v2\/pages\/1982\/revisions"}],"predecessor-version":[{"id":2361,"href":"https:\/\/bgg.de\/web\/wp-json\/wp\/v2\/pages\/1982\/revisions\/2361"}],"wp:attachment":[{"href":"https:\/\/bgg.de\/web\/wp-json\/wp\/v2\/media?parent=1982"}],"curies":[{"name":"wp","href":"https:\/\/api.w.org\/{rel}","templated":true}]}}