{"id":2013,"date":"2024-01-11T14:37:52","date_gmt":"2024-01-11T13:37:52","guid":{"rendered":"https:\/\/bgg.de\/web\/?page_id=2013"},"modified":"2024-02-02T15:14:35","modified_gmt":"2024-02-02T14:14:35","slug":"frankfurt-rossmarkt-innen","status":"publish","type":"page","link":"https:\/\/bgg.de\/web\/frankfurt-rossmarkt-innen\/","title":{"rendered":"Frankfurt, Ro\u00dfmarkt, Innen"},"content":{"rendered":"\n<section id=\"gmddbf73b\" class=\"wp-block-gutentor-m4 section-gmddbf73b gutentor-module gutentor-advanced-columns has-color-bg has-custom-bg\"><div class=\"grid-container\"><div class=\"grid-row\">\n<div id=\"col-gm531654\" class=\"wp-block-gutentor-m4-col col-gm531654 gutentor-single-column  grid-lg-12 grid-md-12 grid-12\"><div id=\"section-gm531654\" class=\"section-gm531654 gutentor-col-wrap\">\n<div id=\"section-gd20985\" class=\"wp-block-gutentor-e1 section-gd20985 gutentor-element gutentor-element-advanced-text text-align-center-desktop text-align-center-mobile\"><div class=\"gutentor-text-wrap\"><p class=\"gutentor-text\"><a href=\"https:\/\/bgg.de\/web\/innenausbau\/\" data-type=\"page\" data-id=\"1288\">INNENAUSBAU<\/a><\/p><\/div><\/div>\n\n\n\n<div id=\"section-ge8641d\" class=\"wp-block-gutentor-e1 section-ge8641d gutentor-element gutentor-element-advanced-text text-align-center-desktop\"><div class=\"gutentor-text-wrap\"><h2 class=\"gutentor-text\">Frankfurt &#8211; Ro\u00dfmarkt<\/h2><\/div><\/div>\n\n\n\n<section id=\"gm399e7c1\" class=\"wp-block-gutentor-m5 section-gm399e7c1 gutentor-module gutentor-module-slider gutentor-slick-a-default-desktop gutentor-module-caption-enabled\"><div class=\"gutentor-module-slider-row\" data-dots=\"false\" data-dotstablet=\"false\" data-dotsmobile=\"false\" data-nextarrow=\"fas fa-angle-right\" data-prevarrow=\"fas fa-angle-left\" data-arrows=\"true\" data-arrowstablet=\"true\" data-arrowsmobile=\"true\" data-fade=\"true\" data-draggable=\"true\" data-infinite=\"true\" data-autoplay=\"true\" data-pauseonfocus=\"false\" data-pauseonhover=\"false\" data-speed=\"1000\" data-autoplayspeed=\"2500\" data-arrowspositiondesktop=\"gutentor-slick-a-default-desktop\">\n<div id=\"col-gma246e8\" class=\"wp-block-gutentor-m5-col col-gma246e8 gutentor-slider-item\"><div id=\"section-gma246e8\" class=\"section-gma246e8 gutentor-col-wrap has-image-normal has-custom-bg\"><img decoding=\"async\" src=\"https:\/\/bgg.de\/web\/wp-content\/uploads\/2024\/01\/ffm-rossmarkt-1.jpg\" alt=\"\"\/><div class=\"gutentor-slider-caption\"><div class=\"grid-container\"><\/div><\/div><\/div><\/div>\n\n\n\n<div id=\"col-gmf1d5fb\" class=\"wp-block-gutentor-m5-col col-gmf1d5fb gutentor-slider-item\"><div id=\"section-gmf1d5fb\" class=\"section-gmf1d5fb gutentor-col-wrap has-image-normal has-custom-bg\"><img decoding=\"async\" src=\"https:\/\/bgg.de\/web\/wp-content\/uploads\/2024\/01\/ffm-rossmarkt-2.jpg\" alt=\"\"\/><div class=\"gutentor-slider-caption\"><div class=\"grid-container\"><\/div><\/div><\/div><\/div>\n\n\n\n<div id=\"col-gm5422c6\" class=\"wp-block-gutentor-m5-col col-gm5422c6 gutentor-slider-item\"><div id=\"section-gm5422c6\" class=\"section-gm5422c6 gutentor-col-wrap has-image-normal has-custom-bg\"><img decoding=\"async\" src=\"https:\/\/bgg.de\/web\/wp-content\/uploads\/2024\/01\/ffm-rossmarkt-3.jpg\" alt=\"\"\/><div class=\"gutentor-slider-caption\"><div class=\"grid-container\"><\/div><\/div><\/div><\/div>\n\n\n\n<div id=\"col-gmf66efd\" class=\"wp-block-gutentor-m5-col col-gmf66efd gutentor-slider-item\"><div id=\"section-gmf66efd\" class=\"section-gmf66efd gutentor-col-wrap has-image-normal has-custom-bg\"><img decoding=\"async\" src=\"https:\/\/bgg.de\/web\/wp-content\/uploads\/2024\/01\/ffm-rossmarkt-4.jpg\" alt=\"\"\/><div class=\"gutentor-slider-caption\"><div class=\"grid-container\"><\/div><\/div><\/div><\/div>\n\n\n\n<div id=\"col-gm47c376\" class=\"wp-block-gutentor-m5-col col-gm47c376 gutentor-slider-item\"><div id=\"section-gm47c376\" class=\"section-gm47c376 gutentor-col-wrap has-image-normal has-custom-bg\"><img decoding=\"async\" src=\"https:\/\/bgg.de\/web\/wp-content\/uploads\/2024\/01\/ffm-rossmarkt-5.jpg\" alt=\"\"\/><div class=\"gutentor-slider-caption\"><div class=\"grid-container\"><\/div><\/div><\/div><\/div>\n\n\n\n<div id=\"col-gm1c7e84\" class=\"wp-block-gutentor-m5-col col-gm1c7e84 gutentor-slider-item\"><div id=\"section-gm1c7e84\" class=\"section-gm1c7e84 gutentor-col-wrap has-image-normal has-custom-bg\"><img decoding=\"async\" src=\"https:\/\/bgg.de\/web\/wp-content\/uploads\/2024\/01\/ffm-rossmarkt-6.jpg\" alt=\"\"\/><div class=\"gutentor-slider-caption\"><div class=\"grid-container\"><\/div><\/div><\/div><\/div>\n<\/div><\/section>\n\n\n\n<div id=\"section-g4334a8\" class=\"wp-block-gutentor-e1 section-g4334a8 gutentor-element gutentor-element-advanced-text text-align-center-desktop\"><div class=\"gutentor-text-wrap\"><p class=\"gutentor-text\"><strong>BAUHERR<\/strong><br>Hansainvest<br><br><strong>PLANUNG<\/strong><br>msm Meyerschmitzmorkramer GmbH<br><br><strong>FERTIGSTELLUNG<\/strong><br>2013<br><br>B\u00fcro- und Gesch\u00e4ftshaus<br>Ausschreibung Vergabe Objekt\u00fcberwachung<\/p><\/div><\/div>\n<\/div><\/div>\n<\/div><\/div><\/section>\n","protected":false},"excerpt":{"rendered":"","protected":false},"author":2,"featured_media":0,"parent":0,"menu_order":0,"comment_status":"closed","ping_status":"closed","template":"template-gutentor-full-width.php","meta":{"footnotes":""},"class_list":["post-2013","page","type-page","status-publish","hentry"],"_links":{"self":[{"href":"https:\/\/bgg.de\/web\/wp-json\/wp\/v2\/pages\/2013","targetHints":{"allow":["GET"]}}],"collection":[{"href":"https:\/\/bgg.de\/web\/wp-json\/wp\/v2\/pages"}],"about":[{"href":"https:\/\/bgg.de\/web\/wp-json\/wp\/v2\/types\/page"}],"author":[{"embeddable":true,"href":"https:\/\/bgg.de\/web\/wp-json\/wp\/v2\/users\/2"}],"replies":[{"embeddable":true,"href":"https:\/\/bgg.de\/web\/wp-json\/wp\/v2\/comments?post=2013"}],"version-history":[{"count":2,"href":"https:\/\/bgg.de\/web\/wp-json\/wp\/v2\/pages\/2013\/revisions"}],"predecessor-version":[{"id":2366,"href":"https:\/\/bgg.de\/web\/wp-json\/wp\/v2\/pages\/2013\/revisions\/2366"}],"wp:attachment":[{"href":"https:\/\/bgg.de\/web\/wp-json\/wp\/v2\/media?parent=2013"}],"curies":[{"name":"wp","href":"https:\/\/api.w.org\/{rel}","templated":true}]}}