{"id":2402,"date":"2024-02-12T19:02:09","date_gmt":"2024-02-12T18:02:09","guid":{"rendered":"https:\/\/bgg.de\/web\/?page_id=2402"},"modified":"2024-02-12T19:09:32","modified_gmt":"2024-02-12T18:09:32","slug":"frankfurt-prisma","status":"publish","type":"page","link":"https:\/\/bgg.de\/web\/frankfurt-prisma\/","title":{"rendered":"Frankfurt, Prisma"},"content":{"rendered":"\n<section id=\"gm465927d\" class=\"wp-block-gutentor-m4 section-gm465927d gutentor-module gutentor-advanced-columns has-color-bg has-custom-bg\"><div class=\"grid-container\"><div class=\"grid-row\">\n<div id=\"col-gm433ac6\" class=\"wp-block-gutentor-m4-col col-gm433ac6 gutentor-single-column  grid-lg-12 grid-md-12 grid-12\"><div id=\"section-gm433ac6\" class=\"section-gm433ac6 gutentor-col-wrap\">\n<div id=\"section-gb9dbef\" class=\"wp-block-gutentor-e1 section-gb9dbef gutentor-element gutentor-element-advanced-text text-align-center-desktop text-align-center-mobile\"><div class=\"gutentor-text-wrap\"><p class=\"gutentor-text\"><a href=\"https:\/\/bgg.de\/web\/buero\/\" data-type=\"page\" data-id=\"1288\">B\u00dcRO<\/a><\/p><\/div><\/div>\n\n\n\n<div id=\"section-gb52a94\" class=\"wp-block-gutentor-e1 section-gb52a94 gutentor-element gutentor-element-advanced-text text-align-center-desktop\"><div class=\"gutentor-text-wrap\"><h2 class=\"gutentor-text\">Frankfurt &#8211; Prisma<\/h2><\/div><\/div>\n\n\n\n<section id=\"gm3b7abb8\" class=\"wp-block-gutentor-m5 section-gm3b7abb8 gutentor-module gutentor-module-slider gutentor-slick-a-default-desktop gutentor-module-caption-enabled\"><div class=\"gutentor-module-slider-row\" data-dots=\"false\" data-dotstablet=\"false\" data-dotsmobile=\"false\" data-nextarrow=\"fas fa-angle-right\" data-prevarrow=\"fas fa-angle-left\" data-arrows=\"true\" data-arrowstablet=\"true\" data-arrowsmobile=\"true\" data-fade=\"true\" data-draggable=\"true\" data-infinite=\"true\" data-autoplay=\"true\" data-pauseonfocus=\"false\" data-pauseonhover=\"false\" data-speed=\"1000\" data-autoplayspeed=\"2500\" data-arrowspositiondesktop=\"gutentor-slick-a-default-desktop\">\n<div id=\"col-gm9fcc4e\" class=\"wp-block-gutentor-m5-col col-gm9fcc4e gutentor-slider-item\"><div id=\"section-gm9fcc4e\" class=\"section-gm9fcc4e gutentor-col-wrap has-image-normal has-custom-bg\"><img decoding=\"async\" src=\"https:\/\/bgg.de\/web\/wp-content\/uploads\/2024\/02\/frankfurt-prisma-1.jpg\" alt=\"\"\/><div class=\"gutentor-slider-caption\"><div class=\"grid-container\"><\/div><\/div><\/div><\/div>\n\n\n\n<div id=\"col-gm6a0a45\" class=\"wp-block-gutentor-m5-col col-gm6a0a45 gutentor-slider-item\"><div id=\"section-gm6a0a45\" class=\"section-gm6a0a45 gutentor-col-wrap has-image-normal has-custom-bg\"><img decoding=\"async\" src=\"https:\/\/bgg.de\/web\/wp-content\/uploads\/2024\/02\/frankfurt-prisma-2-1.jpg\" alt=\"\"\/><div class=\"gutentor-slider-caption\"><div class=\"grid-container\"><\/div><\/div><\/div><\/div>\n\n\n\n<div id=\"col-gm7a2e00\" class=\"wp-block-gutentor-m5-col col-gm7a2e00 gutentor-slider-item\"><div id=\"section-gm7a2e00\" class=\"section-gm7a2e00 gutentor-col-wrap has-image-normal has-custom-bg\"><img decoding=\"async\" src=\"https:\/\/bgg.de\/web\/wp-content\/uploads\/2024\/02\/frankfurt-prisma-3.jpg\" alt=\"\"\/><div class=\"gutentor-slider-caption\"><div class=\"grid-container\"><\/div><\/div><\/div><\/div>\n\n\n\n<div id=\"col-gmb849a7\" class=\"wp-block-gutentor-m5-col col-gmb849a7 gutentor-slider-item\"><div id=\"section-gmb849a7\" class=\"section-gmb849a7 gutentor-col-wrap has-image-normal has-custom-bg\"><img decoding=\"async\" src=\"https:\/\/bgg.de\/web\/wp-content\/uploads\/2024\/02\/frankfurt-prisma-4.jpg\" alt=\"\"\/><div class=\"gutentor-slider-caption\"><div class=\"grid-container\"><\/div><\/div><\/div><\/div>\n<\/div><\/section>\n\n\n\n<div id=\"section-gd579bb\" class=\"wp-block-gutentor-e1 section-gd579bb gutentor-element gutentor-element-advanced-text text-align-center-desktop\"><div class=\"gutentor-text-wrap\"><p class=\"gutentor-text\"><strong>BAUHERR<\/strong><br>Sonar<br><br><strong>PLANUNG<\/strong><br>Holger Meyer<br><br><strong>FERTIGSTELLUNG<\/strong><br>2025<br><br>Revitalisierung B\u00fcrogeb\u00e4ude<br>Ausschreibung Vergabe Objekt\u00fcberwachung<\/p><\/div><\/div>\n<\/div><\/div>\n<\/div><\/div><\/section>\n","protected":false},"excerpt":{"rendered":"","protected":false},"author":2,"featured_media":0,"parent":0,"menu_order":0,"comment_status":"closed","ping_status":"closed","template":"template-gutentor-full-width.php","meta":{"footnotes":""},"class_list":["post-2402","page","type-page","status-publish","hentry"],"_links":{"self":[{"href":"https:\/\/bgg.de\/web\/wp-json\/wp\/v2\/pages\/2402","targetHints":{"allow":["GET"]}}],"collection":[{"href":"https:\/\/bgg.de\/web\/wp-json\/wp\/v2\/pages"}],"about":[{"href":"https:\/\/bgg.de\/web\/wp-json\/wp\/v2\/types\/page"}],"author":[{"embeddable":true,"href":"https:\/\/bgg.de\/web\/wp-json\/wp\/v2\/users\/2"}],"replies":[{"embeddable":true,"href":"https:\/\/bgg.de\/web\/wp-json\/wp\/v2\/comments?post=2402"}],"version-history":[{"count":4,"href":"https:\/\/bgg.de\/web\/wp-json\/wp\/v2\/pages\/2402\/revisions"}],"predecessor-version":[{"id":2669,"href":"https:\/\/bgg.de\/web\/wp-json\/wp\/v2\/pages\/2402\/revisions\/2669"}],"wp:attachment":[{"href":"https:\/\/bgg.de\/web\/wp-json\/wp\/v2\/media?parent=2402"}],"curies":[{"name":"wp","href":"https:\/\/api.w.org\/{rel}","templated":true}]}}