{"id":260,"date":"2023-04-18T16:01:31","date_gmt":"2023-04-18T14:01:31","guid":{"rendered":"https:\/\/grafix-dezign.de\/greiner\/?page_id=260"},"modified":"2024-02-29T11:57:27","modified_gmt":"2024-02-29T10:57:27","slug":"leistungen","status":"publish","type":"page","link":"https:\/\/bgg.de\/web\/leistungen\/","title":{"rendered":"Leistungen"},"content":{"rendered":"\n<div id=\"section-g516446\" class=\"wp-block-gutentor-e6 section-g516446 gutentor-element gutentor-element-image\"><div class=\"gutentor-element-image-box\"><div class=\"gutentor-bg-image\"><\/div><\/div><\/div>\n\n\n\n<section id=\"gmb93f3b2\" class=\"wp-block-gutentor-m4 section-gmb93f3b2 gutentor-module gutentor-advanced-columns has-image-bg has-custom-bg has-gutentor-overlay\"><div class=\"grid-container\"><div class=\"grid-row\">\n<div id=\"col-gmf6e991\" class=\"wp-block-gutentor-m4-col col-gmf6e991 gutentor-single-column  grid-lg-12 grid-md-12 grid-12\"><div id=\"section-gmf6e991\" class=\"section-gmf6e991 gutentor-col-wrap\">\n<section id=\"gmc06e4fe\" class=\"wp-block-gutentor-m4 section-gmc06e4fe gutentor-module gutentor-advanced-columns\"><div class=\"grid-container\"><div class=\"grid-row\">\n<div id=\"col-gm8a81c4\" class=\"wp-block-gutentor-m4-col col-gm8a81c4 gutentor-single-column  grid-lg-7 grid-md-12 grid-12\"><div id=\"section-gm8a81c4\" class=\"section-gm8a81c4 gutentor-col-wrap\">\n<div id=\"section-ge1173c\" class=\"wp-block-gutentor-e1 section-ge1173c gutentor-element gutentor-element-advanced-text wow slideInDown\" data-wow-animation=\"slideInDown\"><div class=\"gutentor-text-wrap\"><h2 class=\"gutentor-text\">Immer mit dem Blick aufs Ganze<\/h2><\/div><\/div>\n\n\n\n<div id=\"section-g04fe75\" class=\"wp-block-gutentor-e1 section-g04fe75 gutentor-element gutentor-element-advanced-text wow slideInLeft\" data-wow-animation=\"slideInLeft\"><div class=\"gutentor-text-wrap\"><p class=\"gutentor-text\">Beratung, Planung und Ingenieurleistungen werden projektbezogen von mehr als 30 Architekt:innen und Ingenieur:innen geboten. Auf diesem Know-how, den Synergien und der ganzheitlichen Sicht unseres Denkens und Handelns gr\u00fcndet unsere Vision des Bauens.<br><br>Sie verbindet die zweckgebundenen Anforderungen unserer Auftraggeber:innen mit architektonischer \u00c4sthetik, Kreativit\u00e4t und individueller Vielfalt, ohne den Kostenaspekt aus den Augen zu verlieren.<br><br>Jedes neue Projekt, jede neue Aufgabenstellung ist f\u00fcr uns Faszination und Herausforderung zugleich. Neue Ans\u00e4tze und L\u00f6sungen entstehen, die neben dem \u00e4sthetisch-architektonischen Anspruch vor allem eines in den Mittelpunkt stellen: Die Interessen und Ziele des Auftraggebers. Er und sein Unternehmen sollen und m\u00fcssen sich in der Immobilie wiederfinden.<\/p><\/div><\/div>\n<\/div><\/div>\n\n\n\n<div id=\"col-gm4a0f6c\" class=\"wp-block-gutentor-m4-col col-gm4a0f6c gutentor-single-column  grid-lg-5 grid-md-12 grid-12 wow slideInRight\" data-wow-animation=\"slideInRight\" data-wow-iteration=\"1\"><div id=\"section-gm4a0f6c\" class=\"section-gm4a0f6c gutentor-col-wrap has-color-bg has-custom-bg\">\n<div id=\"section-gda4514\" class=\"wp-block-gutentor-e1 section-gda4514 gutentor-element gutentor-element-advanced-text\"><div class=\"gutentor-text-wrap\"><p class=\"gutentor-text\">Unsere Maxime hei\u00dft schlicht QUALIT\u00c4T. Dieser Anspruch schlie\u00dft f\u00fcr uns auch eine Verpflichtung f\u00fcr die Sicherheit in Sachen KOSTEN und TERMINEN ein.<\/p><\/div><\/div>\n<\/div><\/div>\n<\/div><\/div><\/section>\n<\/div><\/div>\n<\/div><\/div><\/section>\n\n\n\n<section id=\"gmac3b7fd\" class=\"wp-block-gutentor-m4 section-gmac3b7fd gutentor-module gutentor-advanced-columns has-image-bg has-custom-bg has-gutentor-overlay\"><div class=\"grid-container\"><div class=\"grid-row\">\n<div id=\"col-gm268ba8\" class=\"wp-block-gutentor-m4-col col-gm268ba8 gutentor-single-column  grid-lg-12 grid-md-12 grid-12\"><div id=\"section-gm268ba8\" class=\"section-gm268ba8 gutentor-col-wrap\">\n<div id=\"section-gc0e7b9\" class=\"wp-block-gutentor-e1 section-gc0e7b9 gutentor-element gutentor-element-advanced-text wow slideInUp text-align-center-desktop text-align-center-mobile\" data-wow-animation=\"slideInUp\"><div class=\"gutentor-text-wrap\"><p class=\"gutentor-text\">Ihr Partner f\u00fcr anspruchsvolle Bauvorhaben<\/p><\/div><\/div>\n\n\n\n<div id=\"section-gc1c767\" class=\"wp-block-gutentor-e1 section-gc1c767 gutentor-element gutentor-element-advanced-text wow slideInDown text-align-center-desktop text-align-center-mobile\" data-wow-animation=\"slideInDown\"><div class=\"gutentor-text-wrap\"><p class=\"gutentor-text\">leistungeN<\/p><\/div><\/div>\n\n\n\n<section id=\"section-8c7b1a8f-57d5-4a48-bb62-ba0429876f28\" class=\"wp-block-gutentor-icon-box gutentor-section gutentor-icon-wrapper icon-template2 wow animated zoomIn\" data-wow-animation=\"zoomIn\" data-wow-iteration=\"1\"><div class=\"grid-container\"><div class=\"grid-row gutentor-grid-item-wrap\"><div class=\"gutentor-grid-column grid-lg-3 grid-md-4 grid-12\"><div class=\"gutentor-single-item gutentor-icon gutentor-single-item-0\"><div class=\"gutentor-single-item-wrap\"><div class=\"gutentor-single-item-icon-box\"><i class=\"fas fa-cogs\"><\/i><\/div><div class=\"gutentor-single-item-content\"><h3 class=\"gutentor-single-item-title\">Projektmanagement<br>Projektsteuerung<\/h3><\/div><\/div><\/div><\/div><div class=\"gutentor-grid-column grid-lg-3 grid-md-4 grid-12\"><div class=\"gutentor-single-item gutentor-icon gutentor-single-item-1\"><div class=\"gutentor-single-item-wrap\"><div class=\"gutentor-single-item-icon-box\"><i class=\"fas fa-retweet\"><\/i><\/div><div class=\"gutentor-single-item-content\"><h3 class=\"gutentor-single-item-title\">Konzepte f\u00fcr Umnutzung<br>und Revitalisierung<\/h3><\/div><\/div><\/div><\/div><div class=\"gutentor-grid-column grid-lg-3 grid-md-4 grid-12\"><div class=\"gutentor-single-item gutentor-icon gutentor-single-item-2\"><div class=\"gutentor-single-item-wrap\"><div class=\"gutentor-single-item-icon-box\"><i class=\"fas fa-edit\"><\/i><\/div><div class=\"gutentor-single-item-content\"><h3 class=\"gutentor-single-item-title\">Ausschreibung<br>und Vergabe<\/h3><\/div><\/div><\/div><\/div><div class=\"gutentor-grid-column grid-lg-3 grid-md-4 grid-12\"><div class=\"gutentor-single-item gutentor-icon gutentor-single-item-3\"><div class=\"gutentor-single-item-wrap\"><div class=\"gutentor-single-item-icon-box\"><i class=\"fas fa-search\"><\/i><\/div><div class=\"gutentor-single-item-content\"><h3 class=\"gutentor-single-item-title\">Objekt\u00fcberwachung<br>Baumanagement<\/h3><\/div><\/div><\/div><\/div><\/div><\/div><\/section>\n<\/div><\/div>\n<\/div><\/div><\/section>\n","protected":false},"excerpt":{"rendered":"","protected":false},"author":2,"featured_media":0,"parent":0,"menu_order":0,"comment_status":"closed","ping_status":"closed","template":"template-gutentor-full-width.php","meta":{"footnotes":""},"class_list":["post-260","page","type-page","status-publish","hentry"],"_links":{"self":[{"href":"https:\/\/bgg.de\/web\/wp-json\/wp\/v2\/pages\/260","targetHints":{"allow":["GET"]}}],"collection":[{"href":"https:\/\/bgg.de\/web\/wp-json\/wp\/v2\/pages"}],"about":[{"href":"https:\/\/bgg.de\/web\/wp-json\/wp\/v2\/types\/page"}],"author":[{"embeddable":true,"href":"https:\/\/bgg.de\/web\/wp-json\/wp\/v2\/users\/2"}],"replies":[{"embeddable":true,"href":"https:\/\/bgg.de\/web\/wp-json\/wp\/v2\/comments?post=260"}],"version-history":[{"count":45,"href":"https:\/\/bgg.de\/web\/wp-json\/wp\/v2\/pages\/260\/revisions"}],"predecessor-version":[{"id":2696,"href":"https:\/\/bgg.de\/web\/wp-json\/wp\/v2\/pages\/260\/revisions\/2696"}],"wp:attachment":[{"href":"https:\/\/bgg.de\/web\/wp-json\/wp\/v2\/media?parent=260"}],"curies":[{"name":"wp","href":"https:\/\/api.w.org\/{rel}","templated":true}]}}